{"id":3,"date":"2024-06-11T08:24:11","date_gmt":"2024-06-11T06:24:11","guid":{"rendered":"http:\/\/www.verein-lebensfreude.at\/?page_id=3"},"modified":"2025-02-02T22:28:48","modified_gmt":"2025-02-02T21:28:48","slug":"datenschutzerklaerung","status":"publish","type":"page","link":"https:\/\/www.verein-lebensfreude.at\/?page_id=3","title":{"rendered":"Datenschutzerkl\u00e4rung"},"content":{"rendered":"\n<h2 class=\"wp-block-heading\">Wer wir sind<\/h2>\n\n\n\n<p>Die Adresse unserer Website ist: http:\/\/www.verein-lebensfreude.at<\/p>\n\n\n\n<p>Bisher ist es nicht vorgesehen, dass Daten von Besuchern des Vereins Lebensfreude aufgenommen werden!<\/p>\n\n\n\n<h2 class=\"wp-block-heading\">Kommentare<\/h2>\n\n\n\n<p>Wenn Sie uns per mail kontaktieren, werden die Kontaktdaten aufgenommen, aber nicht weiter archiviert. Wenn beleidigende Inhalte vorkommen, dann behalten wir uns vor, uns, beziehungsweise die betroffenen Menschen davor zu sch\u00fctzen und eventuell auch gerichtlich dagegen vorzugehen. <\/p>\n\n\n\n<p><\/p>\n\n\n\n<h2 class=\"wp-block-heading\">Medien<\/h2>\n\n\n\n<p>Es werden nur eigene, oder von anderen genehmigten Fotos auf der Homepage ver\u00f6ffentlicht. Bei Empfehlungen werden \u00f6ffentlich zug\u00e4ngliche links oder weiterf\u00fchrende Literatur angeboten.<\/p>\n\n\n\n<h2 class=\"wp-block-heading\">Cookies<\/h2>\n\n\n\n<p>Da keine externen Daten erhoben werden, werden auch keine Cookies verwendet!<\/p>\n\n\n\n<h2 class=\"wp-block-heading\">Eingebettete Inhalte von anderen Websites<\/h2>\n\n\n\n<p>Kommen derzeit nicht vor!<\/p>\n\n\n\n<p><\/p>\n","protected":false},"excerpt":{"rendered":"<p>Wer wir sind Die Adresse unserer Website ist: http:\/\/www.verein-lebensfreude.at Bisher ist es nicht vorgesehen, dass Daten von Besuchern des Vereins [&hellip;]<\/p>\n","protected":false},"author":1,"featured_media":0,"parent":0,"menu_order":0,"comment_status":"closed","ping_status":"open","template":"","meta":{"site-sidebar-layout":"default","site-content-layout":"","ast-site-content-layout":"","site-content-style":"default","site-sidebar-style":"default","ast-global-header-display":"","ast-banner-title-visibility":"","ast-main-header-display":"","ast-hfb-above-header-display":"","ast-hfb-below-header-display":"","ast-hfb-mobile-header-display":"","site-post-title":"","ast-breadcrumbs-content":"","ast-featured-img":"","footer-sml-layout":"","theme-transparent-header-meta":"","adv-header-id-meta":"","stick-header-meta":"","header-above-stick-meta":"","header-main-stick-meta":"","header-below-stick-meta":"","astra-migrate-meta-layouts":"default","ast-page-background-enabled":"default","ast-page-background-meta":{"desktop":{"background-color":"var(--ast-global-color-4)","background-image":"","background-repeat":"repeat","background-position":"center center","background-size":"auto","background-attachment":"scroll","background-type":"","background-media":"","overlay-type":"","overlay-color":"","overlay-opacity":"","overlay-gradient":""},"tablet":{"background-color":"","background-image":"","background-repeat":"repeat","background-position":"center center","background-size":"auto","background-attachment":"scroll","background-type":"","background-media":"","overlay-type":"","overlay-color":"","overlay-opacity":"","overlay-gradient":""},"mobile":{"background-color":"","background-image":"","background-repeat":"repeat","background-position":"center center","background-size":"auto","background-attachment":"scroll","background-type":"","background-media":"","overlay-type":"","overlay-color":"","overlay-opacity":"","overlay-gradient":""}},"ast-content-background-meta":{"desktop":{"background-color":"var(--ast-global-color-5)","background-image":"","background-repeat":"repeat","background-position":"center center","background-size":"auto","background-attachment":"scroll","background-type":"","background-media":"","overlay-type":"","overlay-color":"","overlay-opacity":"","overlay-gradient":""},"tablet":{"background-color":"var(--ast-global-color-5)","background-image":"","background-repeat":"repeat","background-position":"center center","background-size":"auto","background-attachment":"scroll","background-type":"","background-media":"","overlay-type":"","overlay-color":"","overlay-opacity":"","overlay-gradient":""},"mobile":{"background-color":"var(--ast-global-color-5)","background-image":"","background-repeat":"repeat","background-position":"center center","background-size":"auto","background-attachment":"scroll","background-type":"","background-media":"","overlay-type":"","overlay-color":"","overlay-opacity":"","overlay-gradient":""}},"footnotes":""},"class_list":["post-3","page","type-page","status-publish","hentry"],"_links":{"self":[{"href":"https:\/\/www.verein-lebensfreude.at\/index.php?rest_route=\/wp\/v2\/pages\/3","targetHints":{"allow":["GET"]}}],"collection":[{"href":"https:\/\/www.verein-lebensfreude.at\/index.php?rest_route=\/wp\/v2\/pages"}],"about":[{"href":"https:\/\/www.verein-lebensfreude.at\/index.php?rest_route=\/wp\/v2\/types\/page"}],"author":[{"embeddable":true,"href":"https:\/\/www.verein-lebensfreude.at\/index.php?rest_route=\/wp\/v2\/users\/1"}],"replies":[{"embeddable":true,"href":"https:\/\/www.verein-lebensfreude.at\/index.php?rest_route=%2Fwp%2Fv2%2Fcomments&post=3"}],"version-history":[{"count":3,"href":"https:\/\/www.verein-lebensfreude.at\/index.php?rest_route=\/wp\/v2\/pages\/3\/revisions"}],"predecessor-version":[{"id":520,"href":"https:\/\/www.verein-lebensfreude.at\/index.php?rest_route=\/wp\/v2\/pages\/3\/revisions\/520"}],"wp:attachment":[{"href":"https:\/\/www.verein-lebensfreude.at\/index.php?rest_route=%2Fwp%2Fv2%2Fmedia&parent=3"}],"curies":[{"name":"wp","href":"https:\/\/api.w.org\/{rel}","templated":true}]}}