{"id":42,"date":"2024-06-14T08:19:30","date_gmt":"2024-06-14T06:19:30","guid":{"rendered":"https:\/\/www.verein-lebensfreude.at\/?page_id=42"},"modified":"2025-02-02T21:35:38","modified_gmt":"2025-02-02T20:35:38","slug":"kontakt","status":"publish","type":"page","link":"https:\/\/www.verein-lebensfreude.at\/?page_id=42","title":{"rendered":"Kontakt"},"content":{"rendered":"\n<div style=\"height:100px\" aria-hidden=\"true\" class=\"wp-block-spacer\"><\/div>\n\n\n\n<div class=\"wp-block-columns has-background is-layout-flex wp-container-core-columns-is-layout-7503d02c wp-block-columns-is-layout-flex\" style=\"background-color:#e1ebe9\">\n<div class=\"wp-block-column is-layout-flow wp-block-column-is-layout-flow\">\n<p>Verein Lebensfreude &amp; Forschung f\u00fcr <br>nat\u00fcrliches Lernen in ganzheitlicher und bewusster Lebensweise<\/p>\n\n\n\n<p>Pr\u00e4sidentin:&nbsp;Andrea Christine Flechl<\/p>\n\n\n\n<p>Vize-Pr\u00e4sident:&nbsp;Leopold Flechl<\/p>\n<\/div>\n\n\n\n<div class=\"wp-block-column is-layout-flow wp-block-column-is-layout-flow\">\n<p>Telefonnummer:&nbsp;0680\/2148556<\/p>\n\n\n\n<p>Mail-Adresse: <a href=\"mailto:verein.lebensfreude01@gmail.com\">verein.lebensfreude01@gmail.com<\/a><a class=\"\" href=\"https:\/\/mail.google.com\/mail\/data\/u\/1\/\" target=\"_blank\" rel=\"noreferrer noopener\"><\/a><\/p>\n\n\n\n<p>HP: www.verein-lebensfreude.at<\/p>\n\n\n\n<p>ZVR-Zahl: 191 60 16 618<\/p>\n<\/div>\n\n\n\n<div class=\"wp-block-column is-layout-flow wp-block-column-is-layout-flow\">\n<p>Adresse:&nbsp;<br>Kohlstattweg 8\/Stallhofen<br>&nbsp;9241 Wernberg<\/p>\n<\/div>\n<\/div>\n","protected":false},"excerpt":{"rendered":"<p>Verein Lebensfreude &amp; Forschung f\u00fcr nat\u00fcrliches Lernen in ganzheitlicher und bewusster Lebensweise Pr\u00e4sidentin:&nbsp;Andrea Christine Flechl Vize-Pr\u00e4sident:&nbsp;Leopold Flechl Telefonnummer:&nbsp;0680\/2148556 Mail-Adresse: verein.lebensfreude01@gmail.com [&hellip;]<\/p>\n","protected":false},"author":1,"featured_media":0,"parent":0,"menu_order":0,"comment_status":"closed","ping_status":"closed","template":"","meta":{"site-sidebar-layout":"default","site-content-layout":"","ast-site-content-layout":"","site-content-style":"default","site-sidebar-style":"default","ast-global-header-display":"","ast-banner-title-visibility":"","ast-main-header-display":"","ast-hfb-above-header-display":"","ast-hfb-below-header-display":"","ast-hfb-mobile-header-display":"","site-post-title":"disabled","ast-breadcrumbs-content":"","ast-featured-img":"","footer-sml-layout":"","theme-transparent-header-meta":"","adv-header-id-meta":"","stick-header-meta":"","header-above-stick-meta":"","header-main-stick-meta":"","header-below-stick-meta":"","astra-migrate-meta-layouts":"default","ast-page-background-enabled":"default","ast-page-background-meta":{"desktop":{"background-color":"var(--ast-global-color-4)","background-image":"","background-repeat":"repeat","background-position":"center center","background-size":"auto","background-attachment":"scroll","background-type":"","background-media":"","overlay-type":"","overlay-color":"","overlay-opacity":"","overlay-gradient":""},"tablet":{"background-color":"","background-image":"","background-repeat":"repeat","background-position":"center center","background-size":"auto","background-attachment":"scroll","background-type":"","background-media":"","overlay-type":"","overlay-color":"","overlay-opacity":"","overlay-gradient":""},"mobile":{"background-color":"","background-image":"","background-repeat":"repeat","background-position":"center center","background-size":"auto","background-attachment":"scroll","background-type":"","background-media":"","overlay-type":"","overlay-color":"","overlay-opacity":"","overlay-gradient":""}},"ast-content-background-meta":{"desktop":{"background-color":"var(--ast-global-color-5)","background-image":"","background-repeat":"repeat","background-position":"center center","background-size":"auto","background-attachment":"scroll","background-type":"","background-media":"","overlay-type":"","overlay-color":"","overlay-opacity":"","overlay-gradient":""},"tablet":{"background-color":"var(--ast-global-color-5)","background-image":"","background-repeat":"repeat","background-position":"center center","background-size":"auto","background-attachment":"scroll","background-type":"","background-media":"","overlay-type":"","overlay-color":"","overlay-opacity":"","overlay-gradient":""},"mobile":{"background-color":"var(--ast-global-color-5)","background-image":"","background-repeat":"repeat","background-position":"center center","background-size":"auto","background-attachment":"scroll","background-type":"","background-media":"","overlay-type":"","overlay-color":"","overlay-opacity":"","overlay-gradient":""}},"footnotes":""},"class_list":["post-42","page","type-page","status-publish","hentry"],"_links":{"self":[{"href":"https:\/\/www.verein-lebensfreude.at\/index.php?rest_route=\/wp\/v2\/pages\/42","targetHints":{"allow":["GET"]}}],"collection":[{"href":"https:\/\/www.verein-lebensfreude.at\/index.php?rest_route=\/wp\/v2\/pages"}],"about":[{"href":"https:\/\/www.verein-lebensfreude.at\/index.php?rest_route=\/wp\/v2\/types\/page"}],"author":[{"embeddable":true,"href":"https:\/\/www.verein-lebensfreude.at\/index.php?rest_route=\/wp\/v2\/users\/1"}],"replies":[{"embeddable":true,"href":"https:\/\/www.verein-lebensfreude.at\/index.php?rest_route=%2Fwp%2Fv2%2Fcomments&post=42"}],"version-history":[{"count":4,"href":"https:\/\/www.verein-lebensfreude.at\/index.php?rest_route=\/wp\/v2\/pages\/42\/revisions"}],"predecessor-version":[{"id":518,"href":"https:\/\/www.verein-lebensfreude.at\/index.php?rest_route=\/wp\/v2\/pages\/42\/revisions\/518"}],"wp:attachment":[{"href":"https:\/\/www.verein-lebensfreude.at\/index.php?rest_route=%2Fwp%2Fv2%2Fmedia&parent=42"}],"curies":[{"name":"wp","href":"https:\/\/api.w.org\/{rel}","templated":true}]}}