{"id":453,"date":"2025-01-12T20:55:55","date_gmt":"2025-01-12T19:55:55","guid":{"rendered":"https:\/\/www.verein-lebensfreude.at\/?page_id=453"},"modified":"2025-01-12T20:55:55","modified_gmt":"2025-01-12T19:55:55","slug":"unterstuetzung-spenden","status":"publish","type":"page","link":"https:\/\/www.verein-lebensfreude.at\/?page_id=453","title":{"rendered":"Unterst\u00fctzung \/ Spenden"},"content":{"rendered":"\n<div class=\"wp-block-group alignfull has-contrast-color has-text-color has-link-color wp-elements-8ca7b5cce6e1fadba802e6d99d4a99f8 is-layout-constrained wp-container-core-group-is-layout-23b1a4dc wp-block-group-is-layout-constrained\" style=\"padding-top:var(--wp--preset--spacing--30);padding-right:var(--wp--preset--spacing--30);padding-bottom:var(--wp--preset--spacing--30);padding-left:var(--wp--preset--spacing--30)\">\n<div class=\"wp-block-group alignwide is-content-justification-space-between is-layout-flex wp-container-core-group-is-layout-b585a4aa wp-block-group-is-layout-flex\">\n<div class=\"wp-block-group is-layout-flex wp-container-core-group-is-layout-7a92790e wp-block-group-is-layout-flex\"><div class=\"is-default-size wp-block-site-logo\"><a href=\"https:\/\/www.verein-lebensfreude.at\/\" class=\"custom-logo-link\" rel=\"home\"><img loading=\"lazy\" decoding=\"async\" width=\"315\" height=\"421\" src=\"https:\/\/www.verein-lebensfreude.at\/wp-content\/uploads\/2024\/06\/header_logo-120x160.jpg\" class=\"custom-logo\" alt=\"Verein Lebensfreude &amp; Forschung f\u00fcr nat\u00fcrliches Lernen in ganzheitlicher und bewusster Lebensweise \" srcset=\"https:\/\/www.verein-lebensfreude.at\/wp-content\/uploads\/2024\/06\/header_logo.jpg 315w, https:\/\/www.verein-lebensfreude.at\/wp-content\/uploads\/2024\/06\/header_logo-224x300.jpg 224w, https:\/\/www.verein-lebensfreude.at\/wp-content\/uploads\/2024\/06\/header_logo-120x160.jpg 120w\" sizes=\"auto, (max-width: 315px) 100vw, 315px\" \/><\/a><\/div>\n\n\n<details class=\"wp-block-details is-layout-flow wp-block-details-is-layout-flow\"><summary>KONTODATEN:<br>Andrea Flechl \/ Verein Lebensfreude<br>Bank 99                <br>AT53 1921 0807 5117 1226<\/summary>\n<p>Spende Verein Lebensfreude<\/p>\n<\/details>\n\n\n\n<p><strong>Wenn Du meine\/unsere Arbeit unterst\u00fctzen m\u00f6chtest, kannst du uns gern eine Spende f\u00fcr den Verein zukommen lassen!<\/strong> So kann ich weiterhin Vortr\u00e4ge und Workshops organisieren, die unser Leben bereichern, unseren Horizont erweitern und unser Bewusstsein anheben!<\/p>\n\n\n\n<p><\/p>\n\n\n\n<h2 class=\"wp-block-heading\">Ein herzliches Dankesch\u00f6n daf\u00fcr!<\/h2>\n\n\n\n<div class=\"wp-block-group is-vertical is-layout-flex wp-container-core-group-is-layout-30a70405 wp-block-group-is-layout-flex\"><p class=\"has-link-color wp-elements-2cda893cde81c4bffbad85028ad826bb wp-block-site-title\"><a href=\"https:\/\/www.verein-lebensfreude.at\" target=\"_self\" rel=\"home\">Verein Lebensfreude &amp; Forschung f\u00fcr nat\u00fcrliches Lernen in ganzheitlicher und bewusster Lebensweise <\/a><\/p>\n\n<\/div>\n<\/div>\n<\/div>\n<\/div>\n\n\n\n<p><\/p>\n","protected":false},"excerpt":{"rendered":"<p>Wenn Du meine\/unsere Arbeit unterst\u00fctzen m\u00f6chtest, kannst du uns gern eine Spende f\u00fcr den Verein zukommen lassen! So kann ich [&hellip;]<\/p>\n","protected":false},"author":1,"featured_media":0,"parent":0,"menu_order":0,"comment_status":"closed","ping_status":"closed","template":"","meta":{"site-sidebar-layout":"default","site-content-layout":"","ast-site-content-layout":"","site-content-style":"default","site-sidebar-style":"default","ast-global-header-display":"","ast-banner-title-visibility":"","ast-main-header-display":"","ast-hfb-above-header-display":"","ast-hfb-below-header-display":"","ast-hfb-mobile-header-display":"","site-post-title":"","ast-breadcrumbs-content":"","ast-featured-img":"","footer-sml-layout":"","theme-transparent-header-meta":"","adv-header-id-meta":"","stick-header-meta":"","header-above-stick-meta":"","header-main-stick-meta":"","header-below-stick-meta":"","astra-migrate-meta-layouts":"default","ast-page-background-enabled":"default","ast-page-background-meta":{"desktop":{"background-color":"var(--ast-global-color-4)","background-image":"","background-repeat":"repeat","background-position":"center center","background-size":"auto","background-attachment":"scroll","background-type":"","background-media":"","overlay-type":"","overlay-color":"","overlay-opacity":"","overlay-gradient":""},"tablet":{"background-color":"","background-image":"","background-repeat":"repeat","background-position":"center center","background-size":"auto","background-attachment":"scroll","background-type":"","background-media":"","overlay-type":"","overlay-color":"","overlay-opacity":"","overlay-gradient":""},"mobile":{"background-color":"","background-image":"","background-repeat":"repeat","background-position":"center center","background-size":"auto","background-attachment":"scroll","background-type":"","background-media":"","overlay-type":"","overlay-color":"","overlay-opacity":"","overlay-gradient":""}},"ast-content-background-meta":{"desktop":{"background-color":"var(--ast-global-color-5)","background-image":"","background-repeat":"repeat","background-position":"center center","background-size":"auto","background-attachment":"scroll","background-type":"","background-media":"","overlay-type":"","overlay-color":"","overlay-opacity":"","overlay-gradient":""},"tablet":{"background-color":"var(--ast-global-color-5)","background-image":"","background-repeat":"repeat","background-position":"center center","background-size":"auto","background-attachment":"scroll","background-type":"","background-media":"","overlay-type":"","overlay-color":"","overlay-opacity":"","overlay-gradient":""},"mobile":{"background-color":"var(--ast-global-color-5)","background-image":"","background-repeat":"repeat","background-position":"center center","background-size":"auto","background-attachment":"scroll","background-type":"","background-media":"","overlay-type":"","overlay-color":"","overlay-opacity":"","overlay-gradient":""}},"footnotes":""},"class_list":["post-453","page","type-page","status-publish","hentry"],"_links":{"self":[{"href":"https:\/\/www.verein-lebensfreude.at\/index.php?rest_route=\/wp\/v2\/pages\/453","targetHints":{"allow":["GET"]}}],"collection":[{"href":"https:\/\/www.verein-lebensfreude.at\/index.php?rest_route=\/wp\/v2\/pages"}],"about":[{"href":"https:\/\/www.verein-lebensfreude.at\/index.php?rest_route=\/wp\/v2\/types\/page"}],"author":[{"embeddable":true,"href":"https:\/\/www.verein-lebensfreude.at\/index.php?rest_route=\/wp\/v2\/users\/1"}],"replies":[{"embeddable":true,"href":"https:\/\/www.verein-lebensfreude.at\/index.php?rest_route=%2Fwp%2Fv2%2Fcomments&post=453"}],"version-history":[{"count":4,"href":"https:\/\/www.verein-lebensfreude.at\/index.php?rest_route=\/wp\/v2\/pages\/453\/revisions"}],"predecessor-version":[{"id":474,"href":"https:\/\/www.verein-lebensfreude.at\/index.php?rest_route=\/wp\/v2\/pages\/453\/revisions\/474"}],"wp:attachment":[{"href":"https:\/\/www.verein-lebensfreude.at\/index.php?rest_route=%2Fwp%2Fv2%2Fmedia&parent=453"}],"curies":[{"name":"wp","href":"https:\/\/api.w.org\/{rel}","templated":true}]}}