{"id":46,"date":"2024-06-14T08:42:24","date_gmt":"2024-06-14T06:42:24","guid":{"rendered":"https:\/\/www.verein-lebensfreude.at\/?page_id=46"},"modified":"2025-10-06T22:44:11","modified_gmt":"2025-10-06T20:44:11","slug":"visionen","status":"publish","type":"page","link":"https:\/\/www.verein-lebensfreude.at\/?page_id=46","title":{"rendered":"Visionen"},"content":{"rendered":"\n<figure class=\"wp-block-image size-full is-resized\"><img loading=\"lazy\" decoding=\"async\" width=\"980\" height=\"442\" src=\"https:\/\/www.verein-lebensfreude.at\/wp-content\/uploads\/2024\/06\/Sonnenaufgang.jpg\" alt=\"\" class=\"wp-image-47\" style=\"width:1176px;height:auto\" srcset=\"https:\/\/www.verein-lebensfreude.at\/wp-content\/uploads\/2024\/06\/Sonnenaufgang.jpg 980w, https:\/\/www.verein-lebensfreude.at\/wp-content\/uploads\/2024\/06\/Sonnenaufgang-300x135.jpg 300w, https:\/\/www.verein-lebensfreude.at\/wp-content\/uploads\/2024\/06\/Sonnenaufgang-768x346.jpg 768w\" sizes=\"auto, (max-width: 980px) 100vw, 980px\" \/><\/figure>\n\n\n\n<p>Visionen k\u00f6nnen jederzeit erg\u00e4nzt werden, Reihenfolge sind willk\u00fcrlich und nicht nach Priorit\u00e4t gereiht.<\/p>\n\n\n\n<div class=\"wp-block-columns is-layout-flex wp-container-core-columns-is-layout-28f84493 wp-block-columns-is-layout-flex\">\n<div class=\"wp-block-column is-layout-flow wp-block-column-is-layout-flow\">\n<p>Eine Welt zu erschaffen, in der Mensch, Tier und Natur in Harmonie leben!<\/p>\n\n\n\n<p>Wir wollen Wahres, Gutes und Sch\u00f6nes f\u00f6rdern und und mehr davon in die Welt bringen!<\/p>\n<\/div>\n\n\n\n<div class=\"wp-block-column is-layout-flow wp-block-column-is-layout-flow\">\n<p>Unser Sch\u00f6pfer, Jesus Christus unser Erl\u00f6ser und der Hl. Geist, unser Begleiter im Leben &#8211; sollen immer mehr unser DA-SEIN ausf\u00fcllen!<\/p>\n<\/div>\n\n\n\n<div class=\"wp-block-column is-layout-flow wp-block-column-is-layout-flow\">\n<p>Jedes Kind ist ein Geschenk Gottes an uns &#8211; wir d\u00fcrfen es begleiten, bis es eigene Wege geht!<\/p>\n<\/div>\n\n\n\n<div class=\"wp-block-column is-layout-flow wp-block-column-is-layout-flow\">\n<p>Die Freiheit ist uns von Gott gegeben und darf von keiner Obrigkeit angegriffen werden! Wir gestehen auch jedem anderen diese Freiheit zu!<\/p>\n<\/div>\n<\/div>\n","protected":false},"excerpt":{"rendered":"<p>Visionen k\u00f6nnen jederzeit erg\u00e4nzt werden, Reihenfolge sind willk\u00fcrlich und nicht nach Priorit\u00e4t gereiht. Eine Welt zu erschaffen, in der Mensch, [&hellip;]<\/p>\n","protected":false},"author":1,"featured_media":0,"parent":0,"menu_order":0,"comment_status":"closed","ping_status":"closed","template":"","meta":{"site-sidebar-layout":"default","site-content-layout":"","ast-site-content-layout":"","site-content-style":"default","site-sidebar-style":"default","ast-global-header-display":"","ast-banner-title-visibility":"","ast-main-header-display":"","ast-hfb-above-header-display":"","ast-hfb-below-header-display":"","ast-hfb-mobile-header-display":"","site-post-title":"disabled","ast-breadcrumbs-content":"","ast-featured-img":"","footer-sml-layout":"","theme-transparent-header-meta":"","adv-header-id-meta":"","stick-header-meta":"","header-above-stick-meta":"","header-main-stick-meta":"","header-below-stick-meta":"","astra-migrate-meta-layouts":"default","ast-page-background-enabled":"default","ast-page-background-meta":{"desktop":{"background-color":"var(--ast-global-color-4)","background-image":"","background-repeat":"repeat","background-position":"center center","background-size":"auto","background-attachment":"scroll","background-type":"","background-media":"","overlay-type":"","overlay-color":"","overlay-opacity":"","overlay-gradient":""},"tablet":{"background-color":"","background-image":"","background-repeat":"repeat","background-position":"center center","background-size":"auto","background-attachment":"scroll","background-type":"","background-media":"","overlay-type":"","overlay-color":"","overlay-opacity":"","overlay-gradient":""},"mobile":{"background-color":"","background-image":"","background-repeat":"repeat","background-position":"center center","background-size":"auto","background-attachment":"scroll","background-type":"","background-media":"","overlay-type":"","overlay-color":"","overlay-opacity":"","overlay-gradient":""}},"ast-content-background-meta":{"desktop":{"background-color":"var(--ast-global-color-5)","background-image":"","background-repeat":"repeat","background-position":"center center","background-size":"auto","background-attachment":"scroll","background-type":"","background-media":"","overlay-type":"","overlay-color":"","overlay-opacity":"","overlay-gradient":""},"tablet":{"background-color":"var(--ast-global-color-5)","background-image":"","background-repeat":"repeat","background-position":"center center","background-size":"auto","background-attachment":"scroll","background-type":"","background-media":"","overlay-type":"","overlay-color":"","overlay-opacity":"","overlay-gradient":""},"mobile":{"background-color":"var(--ast-global-color-5)","background-image":"","background-repeat":"repeat","background-position":"center center","background-size":"auto","background-attachment":"scroll","background-type":"","background-media":"","overlay-type":"","overlay-color":"","overlay-opacity":"","overlay-gradient":""}},"footnotes":""},"class_list":["post-46","page","type-page","status-publish","hentry"],"_links":{"self":[{"href":"https:\/\/www.verein-lebensfreude.at\/index.php?rest_route=\/wp\/v2\/pages\/46","targetHints":{"allow":["GET"]}}],"collection":[{"href":"https:\/\/www.verein-lebensfreude.at\/index.php?rest_route=\/wp\/v2\/pages"}],"about":[{"href":"https:\/\/www.verein-lebensfreude.at\/index.php?rest_route=\/wp\/v2\/types\/page"}],"author":[{"embeddable":true,"href":"https:\/\/www.verein-lebensfreude.at\/index.php?rest_route=\/wp\/v2\/users\/1"}],"replies":[{"embeddable":true,"href":"https:\/\/www.verein-lebensfreude.at\/index.php?rest_route=%2Fwp%2Fv2%2Fcomments&post=46"}],"version-history":[{"count":2,"href":"https:\/\/www.verein-lebensfreude.at\/index.php?rest_route=\/wp\/v2\/pages\/46\/revisions"}],"predecessor-version":[{"id":815,"href":"https:\/\/www.verein-lebensfreude.at\/index.php?rest_route=\/wp\/v2\/pages\/46\/revisions\/815"}],"wp:attachment":[{"href":"https:\/\/www.verein-lebensfreude.at\/index.php?rest_route=%2Fwp%2Fv2%2Fmedia&parent=46"}],"curies":[{"name":"wp","href":"https:\/\/api.w.org\/{rel}","templated":true}]}}