{"id":49,"date":"2024-06-14T08:43:17","date_gmt":"2024-06-14T06:43:17","guid":{"rendered":"https:\/\/www.verein-lebensfreude.at\/?page_id=49"},"modified":"2026-04-12T21:24:12","modified_gmt":"2026-04-12T19:24:12","slug":"projekte","status":"publish","type":"page","link":"https:\/\/www.verein-lebensfreude.at\/?page_id=49","title":{"rendered":"N\u00e4chste Veranstaltungen"},"content":{"rendered":"\n<hr class=\"wp-block-separator has-alpha-channel-opacity\"\/>\n\n\n\n<h2 class=\"wp-block-heading has-text-align-center\"><\/h2>\n\n\n\n<hr class=\"wp-block-separator has-alpha-channel-opacity\"\/>\n\n\n\n<div class=\"wp-block-columns is-layout-flex wp-container-core-columns-is-layout-28f84493 wp-block-columns-is-layout-flex\">\n<div class=\"wp-block-column is-layout-flow wp-block-column-is-layout-flow\">\n<figure class=\"wp-block-image size-full\"><img loading=\"lazy\" decoding=\"async\" width=\"1810\" height=\"2560\" src=\"https:\/\/www.verein-lebensfreude.at\/wp-content\/uploads\/2026\/04\/EINLADUNG-scaled.jpg\" alt=\"\" class=\"wp-image-1034\" srcset=\"https:\/\/www.verein-lebensfreude.at\/wp-content\/uploads\/2026\/04\/EINLADUNG-scaled.jpg 1810w, https:\/\/www.verein-lebensfreude.at\/wp-content\/uploads\/2026\/04\/EINLADUNG-212x300.jpg 212w, https:\/\/www.verein-lebensfreude.at\/wp-content\/uploads\/2026\/04\/EINLADUNG-724x1024.jpg 724w, https:\/\/www.verein-lebensfreude.at\/wp-content\/uploads\/2026\/04\/EINLADUNG-768x1086.jpg 768w, https:\/\/www.verein-lebensfreude.at\/wp-content\/uploads\/2026\/04\/EINLADUNG-1086x1536.jpg 1086w, https:\/\/www.verein-lebensfreude.at\/wp-content\/uploads\/2026\/04\/EINLADUNG-1448x2048.jpg 1448w\" sizes=\"auto, (max-width: 1810px) 100vw, 1810px\" \/><\/figure>\n<\/div>\n\n\n\n<div class=\"wp-block-column is-layout-flow wp-block-column-is-layout-flow\">\n<h2 class=\"wp-block-heading\">K\u00f6rperliche und seelische Beschwerden d\u00fcrfen gehen<\/h2>\n\n\n\n<p>Welche Kr\u00e4fte stecken in uns und wie k\u00f6nnen wir sie wieder entdecken und in die Selbstregulation gehen?<\/p>\n\n\n\n<p>Eva Baumgartner, ausgebildete Biologin, hat ihre Ausbildung in der \u00c8cole San Esprit bei Anette M\u00fcller am Chiemsee gemacht und zeigt uns, wie Blockaden gel\u00f6st werden k\u00f6nnen und ganz schnell eine Verbesserung im K\u00f6rper sp\u00fcrbar wird. <\/p>\n\n\n\n<p>Durch ihre praktische Erfahrungen &#8211; auch durch den Einsatz  in Sri Lanka &#8211; wo sie mit &#8222;Heiler ohne Grenzen&#8220; unterwegs war, kann Eva uns sch\u00f6ne Beispiele liefern.<\/p>\n\n\n\n<p>Vor Ort zeigt sie uns auch eine praktische Anwendung, damit jeder sich von dieser Arbeit selbst ein Bild machen kann.<\/p>\n\n\n\n<p>Ich freue mich sehr auf diesen Abend mit Eva Baumgartner und euch!<\/p>\n<\/div>\n<\/div>\n","protected":false},"excerpt":{"rendered":"<p>K\u00f6rperliche und seelische Beschwerden d\u00fcrfen gehen Welche Kr\u00e4fte stecken in uns und wie k\u00f6nnen wir sie wieder entdecken und in [&hellip;]<\/p>\n","protected":false},"author":1,"featured_media":0,"parent":0,"menu_order":0,"comment_status":"closed","ping_status":"closed","template":"","meta":{"site-sidebar-layout":"default","site-content-layout":"","ast-site-content-layout":"","site-content-style":"default","site-sidebar-style":"default","ast-global-header-display":"","ast-banner-title-visibility":"","ast-main-header-display":"","ast-hfb-above-header-display":"","ast-hfb-below-header-display":"","ast-hfb-mobile-header-display":"","site-post-title":"","ast-breadcrumbs-content":"","ast-featured-img":"","footer-sml-layout":"","theme-transparent-header-meta":"","adv-header-id-meta":"","stick-header-meta":"","header-above-stick-meta":"","header-main-stick-meta":"","header-below-stick-meta":"","astra-migrate-meta-layouts":"default","ast-page-background-enabled":"default","ast-page-background-meta":{"desktop":{"background-color":"var(--ast-global-color-4)","background-image":"","background-repeat":"repeat","background-position":"center center","background-size":"auto","background-attachment":"scroll","background-type":"","background-media":"","overlay-type":"","overlay-color":"","overlay-opacity":"","overlay-gradient":""},"tablet":{"background-color":"","background-image":"","background-repeat":"repeat","background-position":"center center","background-size":"auto","background-attachment":"scroll","background-type":"","background-media":"","overlay-type":"","overlay-color":"","overlay-opacity":"","overlay-gradient":""},"mobile":{"background-color":"","background-image":"","background-repeat":"repeat","background-position":"center center","background-size":"auto","background-attachment":"scroll","background-type":"","background-media":"","overlay-type":"","overlay-color":"","overlay-opacity":"","overlay-gradient":""}},"ast-content-background-meta":{"desktop":{"background-color":"var(--ast-global-color-5)","background-image":"","background-repeat":"repeat","background-position":"center center","background-size":"auto","background-attachment":"scroll","background-type":"","background-media":"","overlay-type":"","overlay-color":"","overlay-opacity":"","overlay-gradient":""},"tablet":{"background-color":"var(--ast-global-color-5)","background-image":"","background-repeat":"repeat","background-position":"center center","background-size":"auto","background-attachment":"scroll","background-type":"","background-media":"","overlay-type":"","overlay-color":"","overlay-opacity":"","overlay-gradient":""},"mobile":{"background-color":"var(--ast-global-color-5)","background-image":"","background-repeat":"repeat","background-position":"center center","background-size":"auto","background-attachment":"scroll","background-type":"","background-media":"","overlay-type":"","overlay-color":"","overlay-opacity":"","overlay-gradient":""}},"footnotes":""},"class_list":["post-49","page","type-page","status-publish","hentry"],"_links":{"self":[{"href":"https:\/\/www.verein-lebensfreude.at\/index.php?rest_route=\/wp\/v2\/pages\/49","targetHints":{"allow":["GET"]}}],"collection":[{"href":"https:\/\/www.verein-lebensfreude.at\/index.php?rest_route=\/wp\/v2\/pages"}],"about":[{"href":"https:\/\/www.verein-lebensfreude.at\/index.php?rest_route=\/wp\/v2\/types\/page"}],"author":[{"embeddable":true,"href":"https:\/\/www.verein-lebensfreude.at\/index.php?rest_route=\/wp\/v2\/users\/1"}],"replies":[{"embeddable":true,"href":"https:\/\/www.verein-lebensfreude.at\/index.php?rest_route=%2Fwp%2Fv2%2Fcomments&post=49"}],"version-history":[{"count":66,"href":"https:\/\/www.verein-lebensfreude.at\/index.php?rest_route=\/wp\/v2\/pages\/49\/revisions"}],"predecessor-version":[{"id":1040,"href":"https:\/\/www.verein-lebensfreude.at\/index.php?rest_route=\/wp\/v2\/pages\/49\/revisions\/1040"}],"wp:attachment":[{"href":"https:\/\/www.verein-lebensfreude.at\/index.php?rest_route=%2Fwp%2Fv2%2Fmedia&parent=49"}],"curies":[{"name":"wp","href":"https:\/\/api.w.org\/{rel}","templated":true}]}}