{"id":7,"date":"2024-06-11T09:09:19","date_gmt":"2024-06-11T07:09:19","guid":{"rendered":"http:\/\/www.verein-lebensfreude.at\/?page_id=7"},"modified":"2025-02-05T14:51:37","modified_gmt":"2025-02-05T13:51:37","slug":"home","status":"publish","type":"page","link":"https:\/\/www.verein-lebensfreude.at\/","title":{"rendered":"Home"},"content":{"rendered":"\n<div class=\"alignnormal\"><div id=\"metaslider-id-70\" style=\"width: 100%;\" class=\"ml-slider-3-95-0 metaslider metaslider-flex metaslider-70 ml-slider ms-theme-default nav-hidden\" role=\"region\" aria-roledescription=\"Slideshow\" aria-label=\"New Slideshow\">\n    <div id=\"metaslider_container_70\">\n        <div id=\"metaslider_70\">\n            <ul class='slides'>\n                <li style=\"display: block; width: 100%;\" class=\"slide-71 ms-image \" aria-roledescription=\"slide\" aria-label=\"slide-71\"><img loading=\"lazy\" decoding=\"async\" src=\"https:\/\/www.verein-lebensfreude.at\/wp-content\/uploads\/2024\/06\/sliderpic1.jpg\" height=\"438\" width=\"960\" alt=\"\" class=\"slider-70 slide-71\" \/><\/li>\n                <li style=\"display: none; width: 100%;\" class=\"slide-73 ms-image \" aria-roledescription=\"slide\" aria-label=\"slide-73\"><img loading=\"lazy\" decoding=\"async\" src=\"https:\/\/www.verein-lebensfreude.at\/wp-content\/uploads\/2025\/02\/IMG_20240622_195117-960x438.jpg\" height=\"438\" width=\"960\" alt=\"\" class=\"slider-70 slide-73\" title=\"IMG_20240622_195117\" \/><\/li>\n                <li style=\"display: none; width: 100%;\" class=\"slide-75 ms-image \" aria-roledescription=\"slide\" aria-label=\"slide-75\"><img loading=\"lazy\" decoding=\"async\" src=\"https:\/\/www.verein-lebensfreude.at\/wp-content\/uploads\/2024\/06\/sliderpic3-960x438.jpg\" height=\"438\" width=\"960\" alt=\"\" class=\"slider-70 slide-75\" \/><\/li>\n                <li style=\"display: none; width: 100%;\" class=\"slide-538 ms-image \" aria-roledescription=\"slide\" aria-label=\"slide-538\"><img loading=\"lazy\" decoding=\"async\" src=\"https:\/\/www.verein-lebensfreude.at\/wp-content\/uploads\/2025\/02\/IMG_20240622_205337-960x438.jpg\" height=\"438\" width=\"960\" alt=\"\" class=\"slider-70 slide-538\" title=\"IMG_20240622_205337\" \/><\/li>\n                <li style=\"display: none; width: 100%;\" class=\"slide-539 ms-image \" aria-roledescription=\"slide\" aria-label=\"slide-539\"><img loading=\"lazy\" decoding=\"async\" src=\"https:\/\/www.verein-lebensfreude.at\/wp-content\/uploads\/2025\/02\/IMG_20240622_194655-960x438.jpg\" height=\"438\" width=\"960\" alt=\"\" class=\"slider-70 slide-539\" title=\"IMG_20240622_194655\" \/><\/li>\n                <li style=\"display: none; width: 100%;\" class=\"slide-540 ms-image \" aria-roledescription=\"slide\" aria-label=\"slide-540\"><img loading=\"lazy\" decoding=\"async\" src=\"https:\/\/www.verein-lebensfreude.at\/wp-content\/uploads\/2025\/02\/IMG_20201126_073919-960x438.jpg\" height=\"438\" width=\"960\" alt=\"\" class=\"slider-70 slide-540\" title=\"IMG_20201126_073919\" \/><\/li>\n                <li style=\"display: none; width: 100%;\" class=\"slide-541 ms-image \" aria-roledescription=\"slide\" aria-label=\"slide-541\"><img loading=\"lazy\" decoding=\"async\" src=\"https:\/\/www.verein-lebensfreude.at\/wp-content\/uploads\/2025\/02\/IMG_20240413_200334-960x438.jpg\" height=\"438\" width=\"960\" alt=\"\" class=\"slider-70 slide-541\" title=\"IMG_20240413_200334\" \/><\/li>\n            <\/ul>\n        <\/div>\n        \n    <\/div>\n<\/div><\/div>\n\n\n\n<p><\/p>\n\n\n\n<p><\/p>\n\n\n\n<h4 class=\"wp-block-heading has-text-align-center\">&#8222;Lebensfreude &amp; Forschung f\u00fcr nat\u00fcrliches Lernen in ganzheitlicher und bewusster Lebensweise&#8220; <\/h4>\n\n\n\n<p class=\"has-text-align-center\">Vereinsgr\u00fcndung: 15. Juli 2021, eingetragen <\/p>\n","protected":false},"excerpt":{"rendered":"<p>&#8222;Lebensfreude &amp; Forschung f\u00fcr nat\u00fcrliches Lernen in ganzheitlicher und bewusster Lebensweise&#8220; Vereinsgr\u00fcndung: 15. Juli 2021, eingetragen<\/p>\n","protected":false},"author":1,"featured_media":0,"parent":0,"menu_order":0,"comment_status":"closed","ping_status":"closed","template":"","meta":{"site-sidebar-layout":"default","site-content-layout":"","ast-site-content-layout":"","site-content-style":"default","site-sidebar-style":"default","ast-global-header-display":"","ast-banner-title-visibility":"","ast-main-header-display":"","ast-hfb-above-header-display":"","ast-hfb-below-header-display":"","ast-hfb-mobile-header-display":"","site-post-title":"","ast-breadcrumbs-content":"","ast-featured-img":"","footer-sml-layout":"","theme-transparent-header-meta":"","adv-header-id-meta":"","stick-header-meta":"","header-above-stick-meta":"","header-main-stick-meta":"","header-below-stick-meta":"","astra-migrate-meta-layouts":"default","ast-page-background-enabled":"default","ast-page-background-meta":{"desktop":{"background-color":"var(--ast-global-color-4)","background-image":"","background-repeat":"repeat","background-position":"center center","background-size":"auto","background-attachment":"scroll","background-type":"","background-media":"","overlay-type":"","overlay-color":"","overlay-opacity":"","overlay-gradient":""},"tablet":{"background-color":"","background-image":"","background-repeat":"repeat","background-position":"center center","background-size":"auto","background-attachment":"scroll","background-type":"","background-media":"","overlay-type":"","overlay-color":"","overlay-opacity":"","overlay-gradient":""},"mobile":{"background-color":"","background-image":"","background-repeat":"repeat","background-position":"center center","background-size":"auto","background-attachment":"scroll","background-type":"","background-media":"","overlay-type":"","overlay-color":"","overlay-opacity":"","overlay-gradient":""}},"ast-content-background-meta":{"desktop":{"background-color":"var(--ast-global-color-5)","background-image":"","background-repeat":"repeat","background-position":"center center","background-size":"auto","background-attachment":"scroll","background-type":"","background-media":"","overlay-type":"","overlay-color":"","overlay-opacity":"","overlay-gradient":""},"tablet":{"background-color":"var(--ast-global-color-5)","background-image":"","background-repeat":"repeat","background-position":"center center","background-size":"auto","background-attachment":"scroll","background-type":"","background-media":"","overlay-type":"","overlay-color":"","overlay-opacity":"","overlay-gradient":""},"mobile":{"background-color":"var(--ast-global-color-5)","background-image":"","background-repeat":"repeat","background-position":"center center","background-size":"auto","background-attachment":"scroll","background-type":"","background-media":"","overlay-type":"","overlay-color":"","overlay-opacity":"","overlay-gradient":""}},"footnotes":""},"class_list":["post-7","page","type-page","status-publish","hentry"],"_links":{"self":[{"href":"https:\/\/www.verein-lebensfreude.at\/index.php?rest_route=\/wp\/v2\/pages\/7","targetHints":{"allow":["GET"]}}],"collection":[{"href":"https:\/\/www.verein-lebensfreude.at\/index.php?rest_route=\/wp\/v2\/pages"}],"about":[{"href":"https:\/\/www.verein-lebensfreude.at\/index.php?rest_route=\/wp\/v2\/types\/page"}],"author":[{"embeddable":true,"href":"https:\/\/www.verein-lebensfreude.at\/index.php?rest_route=\/wp\/v2\/users\/1"}],"replies":[{"embeddable":true,"href":"https:\/\/www.verein-lebensfreude.at\/index.php?rest_route=%2Fwp%2Fv2%2Fcomments&post=7"}],"version-history":[{"count":9,"href":"https:\/\/www.verein-lebensfreude.at\/index.php?rest_route=\/wp\/v2\/pages\/7\/revisions"}],"predecessor-version":[{"id":548,"href":"https:\/\/www.verein-lebensfreude.at\/index.php?rest_route=\/wp\/v2\/pages\/7\/revisions\/548"}],"wp:attachment":[{"href":"https:\/\/www.verein-lebensfreude.at\/index.php?rest_route=%2Fwp%2Fv2%2Fmedia&parent=7"}],"curies":[{"name":"wp","href":"https:\/\/api.w.org\/{rel}","templated":true}]}}