{"id":818,"date":"2025-11-06T09:00:08","date_gmt":"2025-11-06T08:00:08","guid":{"rendered":"https:\/\/www.verein-lebensfreude.at\/?page_id=818"},"modified":"2026-04-12T22:17:07","modified_gmt":"2026-04-12T20:17:07","slug":"sing-swing","status":"publish","type":"page","link":"https:\/\/www.verein-lebensfreude.at\/?page_id=818","title":{"rendered":"Wernberger  Singfreude"},"content":{"rendered":"\n<h2 class=\"wp-block-heading\">Geburtstagsfeier im Seniorenheim Wernberg<\/h2>\n\n\n\n<p>Am 1. April 2026 durften wir gemeinsam mit Heimo die Geburtstagsfeierlichkeiten im Senioren- und Altenwohnheim Wernberg umrahmen. Es war uns eine Freude mit anzusehen, wie gerne die Bewohner mitgesungen und mitgemacht haben!<\/p>\n\n\n\n<p>Auch B\u00fcrgermeisterin Doris Liposchek und Peter Kowal von der Gemeinde haben sich die Zeit f\u00fcr die Geburtstagskinder genommen!<\/p>\n\n\n\n<p>Sch\u00f6n, dass wir zu einem lustigen und feierlichen Nachmittag beitragen durften.<\/p>\n\n\n\n<p>Herzlichen Dank f\u00fcr die freundliche Aufnahme an den Leiter Marko Persterer und an Kerstin Unterweger und ihr Team und die Anerkennungsgeschenke (Reindling und Osterei), sowie f\u00fcr die Kaffeejause!<\/p>\n\n\n\n<p>Wir  sind gerne wieder mal bei euch dabei! <\/p>\n\n\n\n<div class=\"wp-block-columns is-layout-flex wp-container-core-columns-is-layout-28f84493 wp-block-columns-is-layout-flex\">\n<div class=\"wp-block-column is-layout-flow wp-block-column-is-layout-flow\">\n<figure class=\"wp-block-image size-large\"><img loading=\"lazy\" decoding=\"async\" width=\"1024\" height=\"467\" src=\"http:\/\/www.verein-lebensfreude.at\/wp-content\/uploads\/2026\/04\/1000336822-1024x467.jpg\" alt=\"\" class=\"wp-image-1058\" srcset=\"https:\/\/www.verein-lebensfreude.at\/wp-content\/uploads\/2026\/04\/1000336822-1024x467.jpg 1024w, https:\/\/www.verein-lebensfreude.at\/wp-content\/uploads\/2026\/04\/1000336822-300x137.jpg 300w, https:\/\/www.verein-lebensfreude.at\/wp-content\/uploads\/2026\/04\/1000336822-768x350.jpg 768w, https:\/\/www.verein-lebensfreude.at\/wp-content\/uploads\/2026\/04\/1000336822.jpg 1053w\" sizes=\"auto, (max-width: 1024px) 100vw, 1024px\" \/><\/figure>\n<\/div>\n\n\n\n<div class=\"wp-block-column is-layout-flow wp-block-column-is-layout-flow\">\n<figure class=\"wp-block-image size-large\"><img loading=\"lazy\" decoding=\"async\" width=\"1024\" height=\"467\" src=\"http:\/\/www.verein-lebensfreude.at\/wp-content\/uploads\/2026\/04\/1000336819-1024x467.jpg\" alt=\"\" class=\"wp-image-1056\" srcset=\"https:\/\/www.verein-lebensfreude.at\/wp-content\/uploads\/2026\/04\/1000336819-1024x467.jpg 1024w, https:\/\/www.verein-lebensfreude.at\/wp-content\/uploads\/2026\/04\/1000336819-300x137.jpg 300w, https:\/\/www.verein-lebensfreude.at\/wp-content\/uploads\/2026\/04\/1000336819-768x350.jpg 768w, https:\/\/www.verein-lebensfreude.at\/wp-content\/uploads\/2026\/04\/1000336819.jpg 1053w\" sizes=\"auto, (max-width: 1024px) 100vw, 1024px\" \/><\/figure>\n<\/div>\n<\/div>\n\n\n\n<div class=\"wp-block-columns is-layout-flex wp-container-core-columns-is-layout-28f84493 wp-block-columns-is-layout-flex\">\n<div class=\"wp-block-column is-layout-flow wp-block-column-is-layout-flow\">\n<figure class=\"wp-block-image size-full\"><img loading=\"lazy\" decoding=\"async\" width=\"853\" height=\"480\" src=\"https:\/\/www.verein-lebensfreude.at\/wp-content\/uploads\/2026\/04\/photo_2026-04-09_21-35-04.jpg\" alt=\"\" class=\"wp-image-1060\" srcset=\"https:\/\/www.verein-lebensfreude.at\/wp-content\/uploads\/2026\/04\/photo_2026-04-09_21-35-04.jpg 853w, https:\/\/www.verein-lebensfreude.at\/wp-content\/uploads\/2026\/04\/photo_2026-04-09_21-35-04-300x169.jpg 300w, https:\/\/www.verein-lebensfreude.at\/wp-content\/uploads\/2026\/04\/photo_2026-04-09_21-35-04-768x432.jpg 768w\" sizes=\"auto, (max-width: 853px) 100vw, 853px\" \/><\/figure>\n<\/div>\n\n\n\n<div class=\"wp-block-column is-layout-flow wp-block-column-is-layout-flow\">\n<figure class=\"wp-block-gallery has-nested-images columns-default is-cropped wp-block-gallery-1 is-layout-flex wp-block-gallery-is-layout-flex\">\n<figure class=\"wp-block-image size-large\"><img loading=\"lazy\" decoding=\"async\" width=\"853\" height=\"480\" data-id=\"1063\" src=\"https:\/\/www.verein-lebensfreude.at\/wp-content\/uploads\/2026\/04\/photo_2026-04-09_21-35-25.jpg\" alt=\"\" class=\"wp-image-1063\" srcset=\"https:\/\/www.verein-lebensfreude.at\/wp-content\/uploads\/2026\/04\/photo_2026-04-09_21-35-25.jpg 853w, https:\/\/www.verein-lebensfreude.at\/wp-content\/uploads\/2026\/04\/photo_2026-04-09_21-35-25-300x169.jpg 300w, https:\/\/www.verein-lebensfreude.at\/wp-content\/uploads\/2026\/04\/photo_2026-04-09_21-35-25-768x432.jpg 768w\" sizes=\"auto, (max-width: 853px) 100vw, 853px\" \/><\/figure>\n\n\n\n<figure class=\"wp-block-image size-large\"><img loading=\"lazy\" decoding=\"async\" width=\"853\" height=\"480\" data-id=\"1062\" src=\"https:\/\/www.verein-lebensfreude.at\/wp-content\/uploads\/2026\/04\/photo_2026-04-09_21-35-45.jpg\" alt=\"\" class=\"wp-image-1062\" srcset=\"https:\/\/www.verein-lebensfreude.at\/wp-content\/uploads\/2026\/04\/photo_2026-04-09_21-35-45.jpg 853w, https:\/\/www.verein-lebensfreude.at\/wp-content\/uploads\/2026\/04\/photo_2026-04-09_21-35-45-300x169.jpg 300w, https:\/\/www.verein-lebensfreude.at\/wp-content\/uploads\/2026\/04\/photo_2026-04-09_21-35-45-768x432.jpg 768w\" sizes=\"auto, (max-width: 853px) 100vw, 853px\" \/><\/figure>\n<\/figure>\n<\/div>\n<\/div>\n\n\n\n<hr class=\"wp-block-separator has-alpha-channel-opacity\"\/>\n\n\n\n<h2 class=\"wp-block-heading\">Adventsingen im Seniorenheim Harbach in Klagenfurt<\/h2>\n\n\n\n<p>Zum 2. Adventsonntag am 7. Dezember 2025 durften wir im Altenwohn- und Pflegeheim in Harbach den Bewohnern eine kleine Freude mit unserem Adventsingen bereiten! Danke f\u00fcr die freundliche Aufnahme und den weiteren Beteiligten Walter und Petra mit ihren sch\u00f6nen Saxophon-Beitr\u00e4gen und Marilen Novak mit Christrose und einem russischen Lied &#8211; das sie extra f\u00fcr diese Darbietung einstudiert hat. <\/p>\n\n\n\n<p>Es war auch f\u00fcr uns eine Freude, besonders auch das Singen nach den Veranstaltungen (wir haben in 3 Stockwerken gesungen) im Hof bei Punsch und Keksen, wo wir gemeinsam mit den Bewohnern noch einige Weihnachtslieder gesungen haben!<\/p>\n\n\n\n<div class=\"wp-block-columns is-layout-flex wp-container-core-columns-is-layout-28f84493 wp-block-columns-is-layout-flex\">\n<div class=\"wp-block-column is-layout-flow wp-block-column-is-layout-flow\">\n<figure class=\"wp-block-image size-large\"><img loading=\"lazy\" decoding=\"async\" width=\"1024\" height=\"467\" src=\"https:\/\/www.verein-lebensfreude.at\/wp-content\/uploads\/2025\/12\/IMG_20251207_153811-1-1024x467.jpg\" alt=\"\" class=\"wp-image-888\" srcset=\"https:\/\/www.verein-lebensfreude.at\/wp-content\/uploads\/2025\/12\/IMG_20251207_153811-1-1024x467.jpg 1024w, https:\/\/www.verein-lebensfreude.at\/wp-content\/uploads\/2025\/12\/IMG_20251207_153811-1-300x137.jpg 300w, https:\/\/www.verein-lebensfreude.at\/wp-content\/uploads\/2025\/12\/IMG_20251207_153811-1-768x350.jpg 768w, https:\/\/www.verein-lebensfreude.at\/wp-content\/uploads\/2025\/12\/IMG_20251207_153811-1-1536x700.jpg 1536w, https:\/\/www.verein-lebensfreude.at\/wp-content\/uploads\/2025\/12\/IMG_20251207_153811-1-2048x934.jpg 2048w\" sizes=\"auto, (max-width: 1024px) 100vw, 1024px\" \/><\/figure>\n<\/div>\n\n\n\n<div class=\"wp-block-column is-layout-flow wp-block-column-is-layout-flow\">\n<figure class=\"wp-block-image size-large\"><img loading=\"lazy\" decoding=\"async\" width=\"1024\" height=\"467\" src=\"https:\/\/www.verein-lebensfreude.at\/wp-content\/uploads\/2025\/12\/Adventsingen-Harbach-1024x467.jpg\" alt=\"\" class=\"wp-image-890\" srcset=\"https:\/\/www.verein-lebensfreude.at\/wp-content\/uploads\/2025\/12\/Adventsingen-Harbach-1024x467.jpg 1024w, https:\/\/www.verein-lebensfreude.at\/wp-content\/uploads\/2025\/12\/Adventsingen-Harbach-300x137.jpg 300w, https:\/\/www.verein-lebensfreude.at\/wp-content\/uploads\/2025\/12\/Adventsingen-Harbach-768x350.jpg 768w, https:\/\/www.verein-lebensfreude.at\/wp-content\/uploads\/2025\/12\/Adventsingen-Harbach-1536x700.jpg 1536w, https:\/\/www.verein-lebensfreude.at\/wp-content\/uploads\/2025\/12\/Adventsingen-Harbach-2048x934.jpg 2048w\" sizes=\"auto, (max-width: 1024px) 100vw, 1024px\" \/><\/figure>\n<\/div>\n<\/div>\n\n\n\n<hr class=\"wp-block-separator has-alpha-channel-opacity\"\/>\n\n\n\n<h2 class=\"wp-block-heading\">Ein neuer Chor entsteht&#8230;<\/h2>\n\n\n\n<p>Im Sommer 2022 finden sich eine Gruppe von sangesfreudigen Frauen bei Anne-Kathrein G\u00fcrtler in Ragain zusammen. Als Chorleiterin konnten wir Ute Felsberger gewinnen, sie kommt jede Woche von Klagenfurt, um den Damen ihre &#8218;Lieblingslieder&#8216; einzustudieren. <\/p>\n\n\n\n<p>Das gemeinsame Singen und Tanzen macht uns gro\u00dfe Freude und anschlie\u00dfend gab es au\u00dferdem immer etwas k\u00f6stliches, vegetarisches zum Essen. <\/p>\n\n\n\n<p>Vielen Herzlichen Dank an Anne-Kathrein, die jede Woche eine offene T\u00fcr f\u00fcr uns hatte und ihr gem\u00fctliches Zuhause f\u00fcr Sing &amp; Swing zur Verf\u00fcgung stellte &#8211; und das von Juni 2022 bis Mai 2025! <\/p>\n\n\n\n<p>Anfang des Jahres 2026 beschlie\u00dft der Chor sich einen neuen, deutschen Name zu geben. Wir freuen uns, dass in diesen Namen auch der Ort vorkommt, wo wir seit Juni 2025 ein Probelokal zur Verf\u00fcgung gestellt bekommen.<\/p>\n\n\n\n<p>Ab Februar 2026 nennt sich der Sing &amp; Swing Chor nun &#8222;Wernberger Lebensfreude&#8220;. Das dr\u00fcckt auch aus, dass es uns in erster Linie um die Freude beim Singen geht! Jederzeit nehmen wir auch gerne zus\u00e4tzlich Chormitglieder in unsere Gruppe auf! Unsere Proben finden immer am Donnerstag um 18.30 im Wernberger Probelokal (Poststra\u00dfe) statt.<\/p>\n\n\n\n<div class=\"wp-block-group is-layout-constrained wp-block-group-is-layout-constrained\">\n<div class=\"wp-block-columns is-layout-flex wp-container-core-columns-is-layout-28f84493 wp-block-columns-is-layout-flex\">\n<div class=\"wp-block-column is-layout-flow wp-block-column-is-layout-flow\">\n<figure class=\"wp-block-image size-full\"><img loading=\"lazy\" decoding=\"async\" width=\"471\" height=\"686\" src=\"http:\/\/www.verein-lebensfreude.at\/wp-content\/uploads\/2025\/11\/Foto-Sing-Swing.jpg\" alt=\"\" class=\"wp-image-845\" srcset=\"https:\/\/www.verein-lebensfreude.at\/wp-content\/uploads\/2025\/11\/Foto-Sing-Swing.jpg 471w, https:\/\/www.verein-lebensfreude.at\/wp-content\/uploads\/2025\/11\/Foto-Sing-Swing-206x300.jpg 206w\" sizes=\"auto, (max-width: 471px) 100vw, 471px\" \/><\/figure>\n\n\n\n<figure class=\"wp-block-image size-large\"><img loading=\"lazy\" decoding=\"async\" width=\"1024\" height=\"467\" src=\"https:\/\/www.verein-lebensfreude.at\/wp-content\/uploads\/2025\/11\/IMG_20220922_165848-1024x467.jpg\" alt=\"\" class=\"wp-image-863\" srcset=\"https:\/\/www.verein-lebensfreude.at\/wp-content\/uploads\/2025\/11\/IMG_20220922_165848-1024x467.jpg 1024w, https:\/\/www.verein-lebensfreude.at\/wp-content\/uploads\/2025\/11\/IMG_20220922_165848-300x137.jpg 300w, https:\/\/www.verein-lebensfreude.at\/wp-content\/uploads\/2025\/11\/IMG_20220922_165848-768x350.jpg 768w, https:\/\/www.verein-lebensfreude.at\/wp-content\/uploads\/2025\/11\/IMG_20220922_165848.jpg 1053w\" sizes=\"auto, (max-width: 1024px) 100vw, 1024px\" \/><\/figure>\n\n\n\n<figure class=\"wp-block-image size-large\"><img loading=\"lazy\" decoding=\"async\" width=\"1024\" height=\"467\" src=\"https:\/\/www.verein-lebensfreude.at\/wp-content\/uploads\/2025\/11\/IMG_20220908_200445-1024x467.jpg\" alt=\"\" class=\"wp-image-865\" srcset=\"https:\/\/www.verein-lebensfreude.at\/wp-content\/uploads\/2025\/11\/IMG_20220908_200445-1024x467.jpg 1024w, https:\/\/www.verein-lebensfreude.at\/wp-content\/uploads\/2025\/11\/IMG_20220908_200445-300x137.jpg 300w, https:\/\/www.verein-lebensfreude.at\/wp-content\/uploads\/2025\/11\/IMG_20220908_200445-768x350.jpg 768w, https:\/\/www.verein-lebensfreude.at\/wp-content\/uploads\/2025\/11\/IMG_20220908_200445.jpg 1053w\" sizes=\"auto, (max-width: 1024px) 100vw, 1024px\" \/><\/figure>\n<\/div>\n\n\n\n<div class=\"wp-block-column is-layout-flow wp-block-column-is-layout-flow\">\n<figure class=\"wp-block-image size-large\"><img loading=\"lazy\" decoding=\"async\" width=\"1024\" height=\"467\" src=\"https:\/\/www.verein-lebensfreude.at\/wp-content\/uploads\/2025\/11\/IMG_20220727_200329-1024x467.jpg\" alt=\"\" class=\"wp-image-861\" srcset=\"https:\/\/www.verein-lebensfreude.at\/wp-content\/uploads\/2025\/11\/IMG_20220727_200329-1024x467.jpg 1024w, https:\/\/www.verein-lebensfreude.at\/wp-content\/uploads\/2025\/11\/IMG_20220727_200329-300x137.jpg 300w, https:\/\/www.verein-lebensfreude.at\/wp-content\/uploads\/2025\/11\/IMG_20220727_200329-768x350.jpg 768w, https:\/\/www.verein-lebensfreude.at\/wp-content\/uploads\/2025\/11\/IMG_20220727_200329.jpg 1053w\" sizes=\"auto, (max-width: 1024px) 100vw, 1024px\" \/><\/figure>\n\n\n\n<figure class=\"wp-block-image size-large\"><img loading=\"lazy\" decoding=\"async\" width=\"467\" height=\"1024\" src=\"https:\/\/www.verein-lebensfreude.at\/wp-content\/uploads\/2025\/11\/IMG_20220901_203254-467x1024.jpg\" alt=\"\" class=\"wp-image-862\" srcset=\"https:\/\/www.verein-lebensfreude.at\/wp-content\/uploads\/2025\/11\/IMG_20220901_203254-467x1024.jpg 467w, https:\/\/www.verein-lebensfreude.at\/wp-content\/uploads\/2025\/11\/IMG_20220901_203254-137x300.jpg 137w, https:\/\/www.verein-lebensfreude.at\/wp-content\/uploads\/2025\/11\/IMG_20220901_203254-rotated.jpg 480w\" sizes=\"auto, (max-width: 467px) 100vw, 467px\" \/><\/figure>\n<\/div>\n<\/div>\n<\/div>\n\n\n\n<div class=\"wp-block-columns is-layout-flex wp-container-core-columns-is-layout-28f84493 wp-block-columns-is-layout-flex\">\n<div class=\"wp-block-column is-layout-flow wp-block-column-is-layout-flow\">\n<figure class=\"wp-block-gallery has-nested-images columns-default is-cropped wp-block-gallery-2 is-layout-flex wp-block-gallery-is-layout-flex\">\n<figure class=\"wp-block-image size-large\"><img loading=\"lazy\" decoding=\"async\" width=\"467\" height=\"1024\" data-id=\"850\" src=\"https:\/\/www.verein-lebensfreude.at\/wp-content\/uploads\/2025\/11\/IMG_20221130_190050-467x1024.jpg\" alt=\"\" class=\"wp-image-850\" srcset=\"https:\/\/www.verein-lebensfreude.at\/wp-content\/uploads\/2025\/11\/IMG_20221130_190050-467x1024.jpg 467w, https:\/\/www.verein-lebensfreude.at\/wp-content\/uploads\/2025\/11\/IMG_20221130_190050-137x300.jpg 137w, https:\/\/www.verein-lebensfreude.at\/wp-content\/uploads\/2025\/11\/IMG_20221130_190050-rotated.jpg 480w\" sizes=\"auto, (max-width: 467px) 100vw, 467px\" \/><\/figure>\n<\/figure>\n<\/div>\n\n\n\n<div class=\"wp-block-column is-layout-flow wp-block-column-is-layout-flow\">\n<figure class=\"wp-block-image size-large\"><img loading=\"lazy\" decoding=\"async\" width=\"1024\" height=\"467\" src=\"http:\/\/www.verein-lebensfreude.at\/wp-content\/uploads\/2025\/11\/IMG_20221130_170240-1024x467.jpg\" alt=\"\" class=\"wp-image-853\" srcset=\"https:\/\/www.verein-lebensfreude.at\/wp-content\/uploads\/2025\/11\/IMG_20221130_170240-1024x467.jpg 1024w, https:\/\/www.verein-lebensfreude.at\/wp-content\/uploads\/2025\/11\/IMG_20221130_170240-300x137.jpg 300w, https:\/\/www.verein-lebensfreude.at\/wp-content\/uploads\/2025\/11\/IMG_20221130_170240-768x350.jpg 768w, https:\/\/www.verein-lebensfreude.at\/wp-content\/uploads\/2025\/11\/IMG_20221130_170240.jpg 1053w\" sizes=\"auto, (max-width: 1024px) 100vw, 1024px\" \/><\/figure>\n\n\n\n<figure class=\"wp-block-image size-large\"><img loading=\"lazy\" decoding=\"async\" width=\"1024\" height=\"467\" src=\"https:\/\/www.verein-lebensfreude.at\/wp-content\/uploads\/2025\/11\/IMG_20221130_170020-1-1024x467.jpg\" alt=\"\" class=\"wp-image-857\" srcset=\"https:\/\/www.verein-lebensfreude.at\/wp-content\/uploads\/2025\/11\/IMG_20221130_170020-1-1024x467.jpg 1024w, https:\/\/www.verein-lebensfreude.at\/wp-content\/uploads\/2025\/11\/IMG_20221130_170020-1-300x137.jpg 300w, https:\/\/www.verein-lebensfreude.at\/wp-content\/uploads\/2025\/11\/IMG_20221130_170020-1-768x350.jpg 768w, https:\/\/www.verein-lebensfreude.at\/wp-content\/uploads\/2025\/11\/IMG_20221130_170020-1.jpg 1053w\" sizes=\"auto, (max-width: 1024px) 100vw, 1024px\" \/><\/figure>\n\n\n\n<figure class=\"wp-block-image size-large\"><img loading=\"lazy\" decoding=\"async\" width=\"1024\" height=\"467\" src=\"https:\/\/www.verein-lebensfreude.at\/wp-content\/uploads\/2025\/11\/IMG_20221130_165837-1024x467.jpg\" alt=\"\" class=\"wp-image-858\" srcset=\"https:\/\/www.verein-lebensfreude.at\/wp-content\/uploads\/2025\/11\/IMG_20221130_165837-1024x467.jpg 1024w, https:\/\/www.verein-lebensfreude.at\/wp-content\/uploads\/2025\/11\/IMG_20221130_165837-300x137.jpg 300w, https:\/\/www.verein-lebensfreude.at\/wp-content\/uploads\/2025\/11\/IMG_20221130_165837-768x350.jpg 768w, https:\/\/www.verein-lebensfreude.at\/wp-content\/uploads\/2025\/11\/IMG_20221130_165837.jpg 1053w\" sizes=\"auto, (max-width: 1024px) 100vw, 1024px\" \/><\/figure>\n\n\n\n<p class=\"has-text-align-center\">Adventfeier 2022 in der Lederergasse 30\/Verein Br\u00fcckenwerke<\/p>\n\n\n\n<figure class=\"wp-block-image size-large\"><img loading=\"lazy\" decoding=\"async\" width=\"1024\" height=\"467\" src=\"https:\/\/www.verein-lebensfreude.at\/wp-content\/uploads\/2025\/11\/IMG_20221215_200732-1024x467.jpg\" alt=\"\" class=\"wp-image-868\" srcset=\"https:\/\/www.verein-lebensfreude.at\/wp-content\/uploads\/2025\/11\/IMG_20221215_200732-1024x467.jpg 1024w, https:\/\/www.verein-lebensfreude.at\/wp-content\/uploads\/2025\/11\/IMG_20221215_200732-300x137.jpg 300w, https:\/\/www.verein-lebensfreude.at\/wp-content\/uploads\/2025\/11\/IMG_20221215_200732-768x350.jpg 768w, https:\/\/www.verein-lebensfreude.at\/wp-content\/uploads\/2025\/11\/IMG_20221215_200732.jpg 1053w\" sizes=\"auto, (max-width: 1024px) 100vw, 1024px\" \/><\/figure>\n<\/div>\n<\/div>\n\n\n\n<p class=\"has-text-align-center\"><strong>Singen in Sternberg &#8211; zur Probe und schlie\u00dflich bei einer Hochzeitssegnung am 25. Mai 2025<\/strong><\/p>\n\n\n\n<div class=\"wp-block-columns is-layout-flex wp-container-core-columns-is-layout-28f84493 wp-block-columns-is-layout-flex\">\n<div class=\"wp-block-column is-layout-flow wp-block-column-is-layout-flow\">\n<figure class=\"wp-block-image size-large\"><img loading=\"lazy\" decoding=\"async\" width=\"1024\" height=\"469\" src=\"https:\/\/www.verein-lebensfreude.at\/wp-content\/uploads\/2025\/10\/IMG_20250821_163910-1024x469.jpg\" alt=\"\" class=\"wp-image-820\" srcset=\"https:\/\/www.verein-lebensfreude.at\/wp-content\/uploads\/2025\/10\/IMG_20250821_163910-1024x469.jpg 1024w, https:\/\/www.verein-lebensfreude.at\/wp-content\/uploads\/2025\/10\/IMG_20250821_163910-300x138.jpg 300w, https:\/\/www.verein-lebensfreude.at\/wp-content\/uploads\/2025\/10\/IMG_20250821_163910-768x352.jpg 768w, https:\/\/www.verein-lebensfreude.at\/wp-content\/uploads\/2025\/10\/IMG_20250821_163910.jpg 1047w\" sizes=\"auto, (max-width: 1024px) 100vw, 1024px\" \/><\/figure>\n\n\n\n<figure class=\"wp-block-image size-large\"><img loading=\"lazy\" decoding=\"async\" width=\"1024\" height=\"467\" src=\"https:\/\/www.verein-lebensfreude.at\/wp-content\/uploads\/2025\/10\/IMG_20250821_163832-1024x467.jpg\" alt=\"\" class=\"wp-image-823\" srcset=\"https:\/\/www.verein-lebensfreude.at\/wp-content\/uploads\/2025\/10\/IMG_20250821_163832-1024x467.jpg 1024w, https:\/\/www.verein-lebensfreude.at\/wp-content\/uploads\/2025\/10\/IMG_20250821_163832-300x137.jpg 300w, https:\/\/www.verein-lebensfreude.at\/wp-content\/uploads\/2025\/10\/IMG_20250821_163832-768x350.jpg 768w, https:\/\/www.verein-lebensfreude.at\/wp-content\/uploads\/2025\/10\/IMG_20250821_163832-rotated.jpg 1053w\" sizes=\"auto, (max-width: 1024px) 100vw, 1024px\" \/><\/figure>\n<\/div>\n\n\n\n<div class=\"wp-block-column is-layout-flow wp-block-column-is-layout-flow\">\n<figure class=\"wp-block-image size-full\"><img loading=\"lazy\" decoding=\"async\" width=\"600\" height=\"480\" src=\"https:\/\/www.verein-lebensfreude.at\/wp-content\/uploads\/2025\/10\/Sternberg.jpg\" alt=\"\" class=\"wp-image-822\" srcset=\"https:\/\/www.verein-lebensfreude.at\/wp-content\/uploads\/2025\/10\/Sternberg.jpg 600w, https:\/\/www.verein-lebensfreude.at\/wp-content\/uploads\/2025\/10\/Sternberg-300x240.jpg 300w\" sizes=\"auto, (max-width: 600px) 100vw, 600px\" \/><\/figure>\n<\/div>\n<\/div>\n","protected":false},"excerpt":{"rendered":"<p>Geburtstagsfeier im Seniorenheim Wernberg Am 1. April 2026 durften wir gemeinsam mit Heimo die Geburtstagsfeierlichkeiten im Senioren- und Altenwohnheim Wernberg [&hellip;]<\/p>\n","protected":false},"author":1,"featured_media":0,"parent":0,"menu_order":0,"comment_status":"closed","ping_status":"closed","template":"","meta":{"site-sidebar-layout":"default","site-content-layout":"","ast-site-content-layout":"","site-content-style":"default","site-sidebar-style":"default","ast-global-header-display":"","ast-banner-title-visibility":"","ast-main-header-display":"","ast-hfb-above-header-display":"","ast-hfb-below-header-display":"","ast-hfb-mobile-header-display":"","site-post-title":"","ast-breadcrumbs-content":"","ast-featured-img":"","footer-sml-layout":"","theme-transparent-header-meta":"","adv-header-id-meta":"","stick-header-meta":"","header-above-stick-meta":"","header-main-stick-meta":"","header-below-stick-meta":"","astra-migrate-meta-layouts":"default","ast-page-background-enabled":"default","ast-page-background-meta":{"desktop":{"background-color":"var(--ast-global-color-4)","background-image":"","background-repeat":"repeat","background-position":"center center","background-size":"auto","background-attachment":"scroll","background-type":"","background-media":"","overlay-type":"","overlay-color":"","overlay-opacity":"","overlay-gradient":""},"tablet":{"background-color":"","background-image":"","background-repeat":"repeat","background-position":"center center","background-size":"auto","background-attachment":"scroll","background-type":"","background-media":"","overlay-type":"","overlay-color":"","overlay-opacity":"","overlay-gradient":""},"mobile":{"background-color":"","background-image":"","background-repeat":"repeat","background-position":"center center","background-size":"auto","background-attachment":"scroll","background-type":"","background-media":"","overlay-type":"","overlay-color":"","overlay-opacity":"","overlay-gradient":""}},"ast-content-background-meta":{"desktop":{"background-color":"var(--ast-global-color-5)","background-image":"","background-repeat":"repeat","background-position":"center center","background-size":"auto","background-attachment":"scroll","background-type":"","background-media":"","overlay-type":"","overlay-color":"","overlay-opacity":"","overlay-gradient":""},"tablet":{"background-color":"var(--ast-global-color-5)","background-image":"","background-repeat":"repeat","background-position":"center center","background-size":"auto","background-attachment":"scroll","background-type":"","background-media":"","overlay-type":"","overlay-color":"","overlay-opacity":"","overlay-gradient":""},"mobile":{"background-color":"var(--ast-global-color-5)","background-image":"","background-repeat":"repeat","background-position":"center center","background-size":"auto","background-attachment":"scroll","background-type":"","background-media":"","overlay-type":"","overlay-color":"","overlay-opacity":"","overlay-gradient":""}},"footnotes":""},"class_list":["post-818","page","type-page","status-publish","hentry"],"_links":{"self":[{"href":"https:\/\/www.verein-lebensfreude.at\/index.php?rest_route=\/wp\/v2\/pages\/818","targetHints":{"allow":["GET"]}}],"collection":[{"href":"https:\/\/www.verein-lebensfreude.at\/index.php?rest_route=\/wp\/v2\/pages"}],"about":[{"href":"https:\/\/www.verein-lebensfreude.at\/index.php?rest_route=\/wp\/v2\/types\/page"}],"author":[{"embeddable":true,"href":"https:\/\/www.verein-lebensfreude.at\/index.php?rest_route=\/wp\/v2\/users\/1"}],"replies":[{"embeddable":true,"href":"https:\/\/www.verein-lebensfreude.at\/index.php?rest_route=%2Fwp%2Fv2%2Fcomments&post=818"}],"version-history":[{"count":10,"href":"https:\/\/www.verein-lebensfreude.at\/index.php?rest_route=\/wp\/v2\/pages\/818\/revisions"}],"predecessor-version":[{"id":1064,"href":"https:\/\/www.verein-lebensfreude.at\/index.php?rest_route=\/wp\/v2\/pages\/818\/revisions\/1064"}],"wp:attachment":[{"href":"https:\/\/www.verein-lebensfreude.at\/index.php?rest_route=%2Fwp%2Fv2%2Fmedia&parent=818"}],"curies":[{"name":"wp","href":"https:\/\/api.w.org\/{rel}","templated":true}]}}